{"id":9,"date":"2024-01-08T18:40:34","date_gmt":"2024-01-08T18:40:34","guid":{"rendered":"http:\/\/sparkpower.eu\/?page_id=9"},"modified":"2025-06-27T22:30:21","modified_gmt":"2025-06-27T22:30:21","slug":"home","status":"publish","type":"page","link":"https:\/\/sparkpower.eu\/fr\/","title":{"rendered":"Accueil"},"content":{"rendered":"<div data-elementor-type=\"wp-page\" data-elementor-id=\"9\" class=\"elementor elementor-9\" data-elementor-post-type=\"page\">\n\t\t\t\t<div data-particle_enable=\"false\" data-particle-mobile-disabled=\"false\" class=\"elementor-element elementor-element-3134b188 e-flex e-con-boxed e-con e-parent\" data-id=\"3134b188\" data-element_type=\"container\" data-e-type=\"container\" data-settings=\"{&quot;background_background&quot;:&quot;classic&quot;}\">\n\t\t\t\t\t<div class=\"e-con-inner\">\n\t\t\t\t<div class=\"elementor-element elementor-element-3169f2ec elementor-widget elementor-widget-heading\" data-id=\"3169f2ec\" data-element_type=\"widget\" data-e-type=\"widget\" data-widget_type=\"heading.default\">\n\t\t\t\t<div class=\"elementor-widget-container\">\n\t\t\t\t\t<h1 class=\"elementor-heading-title elementor-size-default\">ENSEMBLE VERS UN AVENIR PLUS VERT<\/h1>\t\t\t\t<\/div>\n\t\t\t\t<\/div>\n\t\t\t\t<div class=\"elementor-element elementor-element-368c4d97 elementor-align-center elementor-widget elementor-widget-button\" data-id=\"368c4d97\" data-element_type=\"widget\" data-e-type=\"widget\" data-widget_type=\"button.default\">\n\t\t\t\t<div class=\"elementor-widget-container\">\n\t\t\t\t\t\t\t\t\t<div class=\"elementor-button-wrapper\">\n\t\t\t\t\t<a class=\"elementor-button elementor-button-link elementor-size-md\" href=\"http:\/\/sparkpower.eu\/fr\/over-ons\/\">\n\t\t\t\t\t\t<span class=\"elementor-button-content-wrapper\">\n\t\t\t\t\t\t<span class=\"elementor-button-icon\">\n\t\t\t\t<svg aria-hidden=\"true\" class=\"e-font-icon-svg e-fas-angle-right\" viewbox=\"0 0 256 512\" xmlns=\"http:\/\/www.w3.org\/2000\/svg\"><path d=\"M224.3 273l-136 136c-9.4 9.4-24.6 9.4-33.9 0l-22.6-22.6c-9.4-9.4-9.4-24.6 0-33.9l96.4-96.4-96.4-96.4c-9.4-9.4-9.4-24.6 0-33.9L54.3 103c9.4-9.4 24.6-9.4 33.9 0l136 136c9.5 9.4 9.5 24.6.1 34z\"><\/path><\/svg>\t\t\t<\/span>\n\t\t\t\t\t\t\t\t\t<span class=\"elementor-button-text\">EN SAVOIR PLUS <\/span>\n\t\t\t\t\t<\/span>\n\t\t\t\t\t<\/a>\n\t\t\t\t<\/div>\n\t\t\t\t\t\t\t\t<\/div>\n\t\t\t\t<\/div>\n\t\t\t\t\t<\/div>\n\t\t\t\t<\/div>\n\t\t<div data-particle_enable=\"false\" data-particle-mobile-disabled=\"false\" class=\"elementor-element elementor-element-7ae4bcc6 e-flex e-con-boxed e-con e-parent\" data-id=\"7ae4bcc6\" data-element_type=\"container\" data-e-type=\"container\" data-settings=\"{&quot;background_background&quot;:&quot;classic&quot;}\">\n\t\t\t\t\t<div class=\"e-con-inner\">\n\t\t<div data-particle_enable=\"false\" data-particle-mobile-disabled=\"false\" class=\"elementor-element elementor-element-4d7ef1dc e-con-full e-flex e-con e-child\" data-id=\"4d7ef1dc\" data-element_type=\"container\" data-e-type=\"container\">\n\t\t\t\t<div class=\"elementor-element elementor-element-48382368 animated-slow elementor-widget elementor-widget-heading\" data-id=\"48382368\" data-element_type=\"widget\" data-e-type=\"widget\" data-settings=\"{&quot;_animation&quot;:&quot;none&quot;}\" data-widget_type=\"heading.default\">\n\t\t\t\t<div class=\"elementor-widget-container\">\n\t\t\t\t\t<h2 class=\"elementor-heading-title elementor-size-default\">QUE FAIT SPARK POWER<\/h2>\t\t\t\t<\/div>\n\t\t\t\t<\/div>\n\t\t\t\t<div class=\"elementor-element elementor-element-35fd7c3c elementor-widget elementor-widget-text-editor\" data-id=\"35fd7c3c\" data-element_type=\"widget\" data-e-type=\"widget\" data-widget_type=\"text-editor.default\">\n\t\t\t\t<div class=\"elementor-widget-container\">\n\t\t\t\t\t\t\t\t\t<p>Chez Spark Power, nous travaillons ensemble pour \u00e9voluer vers un avenir plus vert. Un avenir o\u00f9 l'\u00e9nergie durable est au c\u0153ur de nos pr\u00e9occupations.<\/p><p>Nous nous concentrons sur la production d'\u00e9nergie verte gr\u00e2ce \u00e0 l'\u00e9nergie \u00e9olienne pour lutter contre le changement climatique. Nous produisons de l'\u00e9lectricit\u00e9 locale en d\u00e9veloppant, construisant et g\u00e9rant des parcs \u00e9oliens en Belgique et en Europe. Nous le faisons en collaborant \u00e9troitement avec les parties prenantes telles que les r\u00e9sidents locaux, les organisations environnementales et les gouvernements afin de trouver ensemble les meilleures solutions.<\/p><p>Notre vision est claire : construire un avenir o\u00f9 la production d'\u00e9nergie et la protection de l'environnement vont de pair.<\/p>\t\t\t\t\t\t\t\t<\/div>\n\t\t\t\t<\/div>\n\t\t\t\t<\/div>\n\t\t\t\t<div class=\"elementor-element elementor-element-2678a7fa elementor-widget__width-initial elementor-widget-tablet__width-inherit elementor-widget elementor-widget-image\" data-id=\"2678a7fa\" data-element_type=\"widget\" data-e-type=\"widget\" data-widget_type=\"image.default\">\n\t\t\t\t<div class=\"elementor-widget-container\">\n\t\t\t\t\t\t\t\t\t\t\t\t\t\t\t<img fetchpriority=\"high\" decoding=\"async\" width=\"2560\" height=\"1316\" src=\"https:\/\/sparkpower.eu\/wp-content\/uploads\/2024\/01\/20230601_153826-kopie-scaled.jpg\" class=\"attachment-full size-full wp-image-739\" alt=\"\" srcset=\"https:\/\/sparkpower.eu\/wp-content\/uploads\/2024\/01\/20230601_153826-kopie-scaled.jpg 2560w, https:\/\/sparkpower.eu\/wp-content\/uploads\/2024\/01\/20230601_153826-kopie-300x154.jpg 300w, https:\/\/sparkpower.eu\/wp-content\/uploads\/2024\/01\/20230601_153826-kopie-1024x526.jpg 1024w, https:\/\/sparkpower.eu\/wp-content\/uploads\/2024\/01\/20230601_153826-kopie-768x395.jpg 768w, https:\/\/sparkpower.eu\/wp-content\/uploads\/2024\/01\/20230601_153826-kopie-1536x790.jpg 1536w, https:\/\/sparkpower.eu\/wp-content\/uploads\/2024\/01\/20230601_153826-kopie-2048x1053.jpg 2048w\" sizes=\"(max-width: 2560px) 100vw, 2560px\" \/>\t\t\t\t\t\t\t\t\t\t\t\t\t\t\t<\/div>\n\t\t\t\t<\/div>\n\t\t\t\t\t<\/div>\n\t\t\t\t<\/div>\n\t\t<div data-particle_enable=\"false\" data-particle-mobile-disabled=\"false\" class=\"elementor-element elementor-element-574e51c0 e-flex e-con-boxed e-con e-parent\" data-id=\"574e51c0\" data-element_type=\"container\" data-e-type=\"container\" data-settings=\"{&quot;background_background&quot;:&quot;classic&quot;}\">\n\t\t\t\t\t<div class=\"e-con-inner\">\n\t\t<div data-particle_enable=\"false\" data-particle-mobile-disabled=\"false\" class=\"elementor-element elementor-element-b99bb4f e-con-full e-flex e-con e-child\" data-id=\"b99bb4f\" data-element_type=\"container\" data-e-type=\"container\">\n\t\t\t\t<div class=\"elementor-element elementor-element-1863ef88 elementor-widget elementor-widget-heading\" data-id=\"1863ef88\" data-element_type=\"widget\" data-e-type=\"widget\" data-widget_type=\"heading.default\">\n\t\t\t\t<div class=\"elementor-widget-container\">\n\t\t\t\t\t<h2 class=\"elementor-heading-title elementor-size-default\">CONSTRUISEZ ENSEMBLE UN AVENIR PLUS VERT <\/h2>\t\t\t\t<\/div>\n\t\t\t\t<\/div>\n\t\t\t\t<\/div>\n\t\t<div data-particle_enable=\"false\" data-particle-mobile-disabled=\"false\" class=\"elementor-element elementor-element-06242fe e-con-full e-flex e-con e-child\" data-id=\"06242fe\" data-element_type=\"container\" data-e-type=\"container\">\n\t\t\t\t<div class=\"elementor-element elementor-element-5c0bcaa5 elementor-align-right elementor-widget elementor-widget-button\" data-id=\"5c0bcaa5\" data-element_type=\"widget\" data-e-type=\"widget\" data-widget_type=\"button.default\">\n\t\t\t\t<div class=\"elementor-widget-container\">\n\t\t\t\t\t\t\t\t\t<div class=\"elementor-button-wrapper\">\n\t\t\t\t\t<a class=\"elementor-button elementor-button-link elementor-size-lg\" href=\"http:\/\/sparkpower.eu\/fr\/jobs\/\">\n\t\t\t\t\t\t<span class=\"elementor-button-content-wrapper\">\n\t\t\t\t\t\t<span class=\"elementor-button-icon\">\n\t\t\t\t<svg aria-hidden=\"true\" class=\"e-font-icon-svg e-fas-angle-right\" viewbox=\"0 0 256 512\" xmlns=\"http:\/\/www.w3.org\/2000\/svg\"><path d=\"M224.3 273l-136 136c-9.4 9.4-24.6 9.4-33.9 0l-22.6-22.6c-9.4-9.4-9.4-24.6 0-33.9l96.4-96.4-96.4-96.4c-9.4-9.4-9.4-24.6 0-33.9L54.3 103c9.4-9.4 24.6-9.4 33.9 0l136 136c9.5 9.4 9.5 24.6.1 34z\"><\/path><\/svg>\t\t\t<\/span>\n\t\t\t\t\t\t\t\t\t<span class=\"elementor-button-text\">Emplois <\/span>\n\t\t\t\t\t<\/span>\n\t\t\t\t\t<\/a>\n\t\t\t\t<\/div>\n\t\t\t\t\t\t\t\t<\/div>\n\t\t\t\t<\/div>\n\t\t\t\t<\/div>\n\t\t\t\t\t<\/div>\n\t\t\t\t<\/div>\n\t\t<div data-particle_enable=\"false\" data-particle-mobile-disabled=\"false\" class=\"elementor-element elementor-element-494da74f e-flex e-con-boxed e-con e-parent\" data-id=\"494da74f\" data-element_type=\"container\" data-e-type=\"container\" data-settings=\"{&quot;background_background&quot;:&quot;classic&quot;}\">\n\t\t\t\t\t<div class=\"e-con-inner\">\n\t\t<div data-particle_enable=\"false\" data-particle-mobile-disabled=\"false\" class=\"elementor-element elementor-element-45a82efd e-flex e-con-boxed e-con e-child\" data-id=\"45a82efd\" data-element_type=\"container\" data-e-type=\"container\">\n\t\t\t\t\t<div class=\"e-con-inner\">\n\t\t\t\t<div class=\"elementor-element elementor-element-62651bd4 elementor-widget elementor-widget-heading\" data-id=\"62651bd4\" data-element_type=\"widget\" data-e-type=\"widget\" data-widget_type=\"heading.default\">\n\t\t\t\t<div class=\"elementor-widget-container\">\n\t\t\t\t\t<h2 class=\"elementor-heading-title elementor-size-default\">#SparkPower #\u00c9nergieDurable #\u00c9nergie\u00c9olienne<\/h2>\t\t\t\t<\/div>\n\t\t\t\t<\/div>\n\t\t\t\t<div class=\"elementor-element elementor-element-7ee97a6c elementor-widget elementor-widget-heading\" data-id=\"7ee97a6c\" data-element_type=\"widget\" data-e-type=\"widget\" data-widget_type=\"heading.default\">\n\t\t\t\t<div class=\"elementor-widget-container\">\n\t\t\t\t\t<h2 class=\"elementor-heading-title elementor-size-default\">ACCOMPAGNEZ-NOUS VERS UN AVENIR DURABLE PLEIN D'INNOVATIONS \u00c9NERG\u00c9TIQUES<\/h2>\t\t\t\t<\/div>\n\t\t\t\t<\/div>\n\t\t\t\t\t<\/div>\n\t\t\t\t<\/div>\n\t\t\t\t<div class=\"elementor-element elementor-element-4cc52c3 elementor-skin-carousel elementor-widget elementor-widget-media-carousel\" data-id=\"4cc52c3\" data-element_type=\"widget\" data-e-type=\"widget\" data-settings=\"{&quot;slides_per_view&quot;:&quot;4&quot;,&quot;slides_per_view_tablet&quot;:&quot;3&quot;,&quot;slides_per_view_mobile&quot;:&quot;1&quot;,&quot;slides_to_scroll&quot;:&quot;1&quot;,&quot;space_between&quot;:{&quot;unit&quot;:&quot;px&quot;,&quot;size&quot;:15,&quot;sizes&quot;:[]},&quot;skin&quot;:&quot;carousel&quot;,&quot;effect&quot;:&quot;slide&quot;,&quot;speed&quot;:500,&quot;autoplay&quot;:&quot;yes&quot;,&quot;autoplay_speed&quot;:5000,&quot;loop&quot;:&quot;yes&quot;,&quot;pause_on_hover&quot;:&quot;yes&quot;,&quot;space_between_laptop&quot;:{&quot;unit&quot;:&quot;px&quot;,&quot;size&quot;:10,&quot;sizes&quot;:[]},&quot;space_between_tablet&quot;:{&quot;unit&quot;:&quot;px&quot;,&quot;size&quot;:10,&quot;sizes&quot;:[]},&quot;space_between_mobile&quot;:{&quot;unit&quot;:&quot;px&quot;,&quot;size&quot;:10,&quot;sizes&quot;:[]}}\" data-widget_type=\"media-carousel.default\">\n\t\t\t\t<div class=\"elementor-widget-container\">\n\t\t\t\t\t\t\t\t\t<div class=\"elementor-swiper\">\n\t\t\t\t\t<div class=\"elementor-main-swiper swiper\" role=\"region\" aria-roledescription=\"carousel\" aria-label=\"Slides\">\n\t\t\t\t<div class=\"swiper-wrapper\">\n\t\t\t\t\t\t\t\t\t\t\t<div class=\"swiper-slide\" role=\"group\" aria-roledescription=\"slide\">\n\t\t\t\t\t\t\t\t\t<div class=\"elementor-carousel-image\" role=\"img\" aria-label=\"IMG_3396 kopie\" style=\"background-image: url(&#039;https:\/\/sparkpower.eu\/wp-content\/uploads\/2024\/01\/IMG_3396-kopie-scaled.jpg&#039;)\">\n\n\t\t\t\n\t\t\t\t\t<\/div>\n\t\t\t\t\t<div class=\"elementor-carousel-image-overlay e-overlay-animation-fade\">\n\t\t\t\t\t\t\t<\/div>\n\t\t\t\t\t\t\t\t\t<\/div>\n\t\t\t\t\t\t\t\t\t\t\t<div class=\"swiper-slide\" role=\"group\" aria-roledescription=\"slide\">\n\t\t\t\t\t\t\t\t\t<div class=\"elementor-carousel-image\" role=\"img\" aria-label=\"DSC_0878 kopie\" style=\"background-image: url(&#039;https:\/\/sparkpower.eu\/wp-content\/uploads\/2024\/01\/DSC_0878-kopie-scaled.jpg&#039;)\">\n\n\t\t\t\n\t\t\t\t\t<\/div>\n\t\t\t\t\t<div class=\"elementor-carousel-image-overlay e-overlay-animation-fade\">\n\t\t\t\t\t\t\t<\/div>\n\t\t\t\t\t\t\t\t\t<\/div>\n\t\t\t\t\t\t\t\t\t\t\t<div class=\"swiper-slide\" role=\"group\" aria-roledescription=\"slide\">\n\t\t\t\t\t\t\t\t\t<div class=\"elementor-carousel-image\" role=\"img\" aria-label=\"20230809_113422\" style=\"background-image: url(&#039;https:\/\/sparkpower.eu\/wp-content\/uploads\/2024\/01\/20230809_113422-scaled.jpg&#039;)\">\n\n\t\t\t\n\t\t\t\t\t<\/div>\n\t\t\t\t\t<div class=\"elementor-carousel-image-overlay e-overlay-animation-fade\">\n\t\t\t\t\t\t\t<\/div>\n\t\t\t\t\t\t\t\t\t<\/div>\n\t\t\t\t\t\t\t\t\t\t\t<div class=\"swiper-slide\" role=\"group\" aria-roledescription=\"slide\">\n\t\t\t\t\t\t\t\t\t<div class=\"elementor-carousel-image\" role=\"img\" aria-label=\"7702725A-798E-4615-925C-972A65B3682F kopie\" style=\"background-image: url(&#039;https:\/\/sparkpower.eu\/wp-content\/uploads\/2024\/01\/7702725A-798E-4615-925C-972A65B3682F-kopie.jpeg&#039;)\">\n\n\t\t\t\n\t\t\t\t\t<\/div>\n\t\t\t\t\t<div class=\"elementor-carousel-image-overlay e-overlay-animation-fade\">\n\t\t\t\t\t\t\t<\/div>\n\t\t\t\t\t\t\t\t\t<\/div>\n\t\t\t\t\t\t\t\t\t\t\t<div class=\"swiper-slide\" role=\"group\" aria-roledescription=\"slide\">\n\t\t\t\t\t\t\t\t\t<div class=\"elementor-carousel-image\" role=\"img\" aria-label=\"IMG_2624 kopie\" style=\"background-image: url(&#039;https:\/\/sparkpower.eu\/wp-content\/uploads\/2024\/01\/IMG_2624-kopie-scaled.jpg&#039;)\">\n\n\t\t\t\n\t\t\t\t\t<\/div>\n\t\t\t\t\t<div class=\"elementor-carousel-image-overlay e-overlay-animation-fade\">\n\t\t\t\t\t\t\t<\/div>\n\t\t\t\t\t\t\t\t\t<\/div>\n\t\t\t\t\t\t\t\t\t\t\t<div class=\"swiper-slide\" role=\"group\" aria-roledescription=\"slide\">\n\t\t\t\t\t\t\t\t\t<div class=\"elementor-carousel-image\" role=\"img\" aria-label=\"20230726_112941\" style=\"background-image: url(&#039;https:\/\/sparkpower.eu\/wp-content\/uploads\/2024\/01\/20230726_112941-scaled.jpg&#039;)\">\n\n\t\t\t\n\t\t\t\t\t<\/div>\n\t\t\t\t\t<div class=\"elementor-carousel-image-overlay e-overlay-animation-fade\">\n\t\t\t\t\t\t\t<\/div>\n\t\t\t\t\t\t\t\t\t<\/div>\n\t\t\t\t\t\t\t\t\t\t\t<div class=\"swiper-slide\" role=\"group\" aria-roledescription=\"slide\">\n\t\t\t\t\t\t\t\t\t<div class=\"elementor-carousel-image\" role=\"img\" aria-label=\"20210926_091904\" style=\"background-image: url(&#039;https:\/\/sparkpower.eu\/wp-content\/uploads\/2024\/01\/20210926_091904-scaled.jpg&#039;)\">\n\n\t\t\t\n\t\t\t\t\t<\/div>\n\t\t\t\t\t<div class=\"elementor-carousel-image-overlay e-overlay-animation-fade\">\n\t\t\t\t\t\t\t<\/div>\n\t\t\t\t\t\t\t\t\t<\/div>\n\t\t\t\t\t\t\t\t\t\t\t<div class=\"swiper-slide\" role=\"group\" aria-roledescription=\"slide\">\n\t\t\t\t\t\t\t\t\t<div class=\"elementor-carousel-image\" role=\"img\" aria-label=\"DSC_0980\" style=\"background-image: url(&#039;https:\/\/sparkpower.eu\/wp-content\/uploads\/2024\/01\/DSC_0980-scaled.jpg&#039;)\">\n\n\t\t\t\n\t\t\t\t\t<\/div>\n\t\t\t\t\t<div class=\"elementor-carousel-image-overlay e-overlay-animation-fade\">\n\t\t\t\t\t\t\t<\/div>\n\t\t\t\t\t\t\t\t\t<\/div>\n\t\t\t\t\t\t\t\t\t\t\t<div class=\"swiper-slide\" role=\"group\" aria-roledescription=\"slide\">\n\t\t\t\t\t\t\t\t\t<div class=\"elementor-carousel-image\" role=\"img\" aria-label=\"20230809_152855 kopie\" style=\"background-image: url(&#039;https:\/\/sparkpower.eu\/wp-content\/uploads\/2024\/01\/20230809_152855-kopie-scaled.jpg&#039;)\">\n\n\t\t\t\n\t\t\t\t\t<\/div>\n\t\t\t\t\t<div class=\"elementor-carousel-image-overlay e-overlay-animation-fade\">\n\t\t\t\t\t\t\t<\/div>\n\t\t\t\t\t\t\t\t\t<\/div>\n\t\t\t\t\t\t\t\t\t<\/div>\n\t\t\t\t\t\t\t\t\t\t\t\t\t\t\t\t\t\t\t\t\t<\/div>\n\t\t\t\t<\/div>\n\t\t\t\t\t\t\t\t<\/div>\n\t\t\t\t<\/div>\n\t\t\t\t\t<\/div>\n\t\t\t\t<\/div>\n\t\t\t\t<\/div>","protected":false},"excerpt":{"rendered":"<p>Samen op weg naar een groenere toekomst Kom meer te weten Wat doet Spark Power Bij Spark Power werken we samen om te evolueren richting een groenere toekomst. Een toekomst waarin duurzame energie centraal staat. We richten ons op het opwekken van groene stroom via windenergie om klimaatverandering tegen te gaan. We produceren lokale stroom [&hellip;]<\/p>\n","protected":false},"author":1,"featured_media":0,"parent":0,"menu_order":0,"comment_status":"closed","ping_status":"closed","template":"elementor_header_footer","meta":{"footnotes":""},"class_list":["post-9","page","type-page","status-publish","hentry"],"yoast_head":"<!-- This site is optimized with the Yoast SEO plugin v27.5 - https:\/\/yoast.com\/product\/yoast-seo-wordpress\/ -->\n<title>Home - Spark Power<\/title>\n<meta name=\"robots\" content=\"index, follow, max-snippet:-1, max-image-preview:large, max-video-preview:-1\" \/>\n<link rel=\"canonical\" href=\"https:\/\/sparkpower.eu\/fr\/\" \/>\n<meta property=\"og:locale\" content=\"fr_FR\" \/>\n<meta property=\"og:type\" content=\"article\" \/>\n<meta property=\"og:title\" content=\"Home - Spark Power\" \/>\n<meta property=\"og:description\" content=\"Samen op weg naar een groenere toekomst Kom meer te weten Wat doet Spark Power Bij Spark Power werken we samen om te evolueren richting een groenere toekomst. Een toekomst waarin duurzame energie centraal staat. We richten ons op het opwekken van groene stroom via windenergie om klimaatverandering tegen te gaan. We produceren lokale stroom [&hellip;]\" \/>\n<meta property=\"og:url\" content=\"https:\/\/sparkpower.eu\/fr\/\" \/>\n<meta property=\"og:site_name\" content=\"Spark Power\" \/>\n<meta property=\"article:modified_time\" content=\"2025-06-27T22:30:21+00:00\" \/>\n<meta property=\"og:image\" content=\"https:\/\/sparkpower.eu\/wp-content\/uploads\/2024\/01\/20230601_153826-kopie-scaled.jpg\" \/>\n\t<meta property=\"og:image:width\" content=\"2560\" \/>\n\t<meta property=\"og:image:height\" content=\"1316\" \/>\n\t<meta property=\"og:image:type\" content=\"image\/jpeg\" \/>\n<meta name=\"twitter:card\" content=\"summary_large_image\" \/>\n<meta name=\"twitter:label1\" content=\"Dur\u00e9e de lecture est.\" \/>\n\t<meta name=\"twitter:data1\" content=\"1 minute\" \/>\n<script type=\"application\/ld+json\" class=\"yoast-schema-graph\">{\"@context\":\"https:\\\/\\\/schema.org\",\"@graph\":[{\"@type\":\"WebPage\",\"@id\":\"https:\\\/\\\/sparkpower.eu\\\/\",\"url\":\"https:\\\/\\\/sparkpower.eu\\\/\",\"name\":\"Home - Spark Power\",\"isPartOf\":{\"@id\":\"https:\\\/\\\/sparkpower.eu\\\/#website\"},\"primaryImageOfPage\":{\"@id\":\"https:\\\/\\\/sparkpower.eu\\\/#primaryimage\"},\"image\":{\"@id\":\"https:\\\/\\\/sparkpower.eu\\\/#primaryimage\"},\"thumbnailUrl\":\"https:\\\/\\\/sparkpower.eu\\\/wp-content\\\/uploads\\\/2024\\\/01\\\/20230601_153826-kopie-scaled.jpg\",\"datePublished\":\"2024-01-08T18:40:34+00:00\",\"dateModified\":\"2025-06-27T22:30:21+00:00\",\"breadcrumb\":{\"@id\":\"https:\\\/\\\/sparkpower.eu\\\/#breadcrumb\"},\"inLanguage\":\"fr-BE\",\"potentialAction\":[{\"@type\":\"ReadAction\",\"target\":[\"https:\\\/\\\/sparkpower.eu\\\/\"]}]},{\"@type\":\"ImageObject\",\"inLanguage\":\"fr-BE\",\"@id\":\"https:\\\/\\\/sparkpower.eu\\\/#primaryimage\",\"url\":\"https:\\\/\\\/sparkpower.eu\\\/wp-content\\\/uploads\\\/2024\\\/01\\\/20230601_153826-kopie-scaled.jpg\",\"contentUrl\":\"https:\\\/\\\/sparkpower.eu\\\/wp-content\\\/uploads\\\/2024\\\/01\\\/20230601_153826-kopie-scaled.jpg\"},{\"@type\":\"BreadcrumbList\",\"@id\":\"https:\\\/\\\/sparkpower.eu\\\/#breadcrumb\",\"itemListElement\":[{\"@type\":\"ListItem\",\"position\":1,\"name\":\"Home\",\"item\":\"https:\\\/\\\/sparkpower.eu\\\/\"},{\"@type\":\"ListItem\",\"position\":2,\"name\":\"Home\"}]},{\"@type\":\"WebSite\",\"@id\":\"https:\\\/\\\/sparkpower.eu\\\/#website\",\"url\":\"https:\\\/\\\/sparkpower.eu\\\/\",\"name\":\"Spark Power\",\"description\":\"\",\"publisher\":{\"@id\":\"https:\\\/\\\/sparkpower.eu\\\/#organization\"},\"potentialAction\":[{\"@type\":\"SearchAction\",\"target\":{\"@type\":\"EntryPoint\",\"urlTemplate\":\"https:\\\/\\\/sparkpower.eu\\\/?s={search_term_string}\"},\"query-input\":{\"@type\":\"PropertyValueSpecification\",\"valueRequired\":true,\"valueName\":\"search_term_string\"}}],\"inLanguage\":\"fr-BE\"},{\"@type\":\"Organization\",\"@id\":\"https:\\\/\\\/sparkpower.eu\\\/#organization\",\"name\":\"Spark Power\",\"url\":\"https:\\\/\\\/sparkpower.eu\\\/\",\"logo\":{\"@type\":\"ImageObject\",\"inLanguage\":\"fr-BE\",\"@id\":\"https:\\\/\\\/sparkpower.eu\\\/#\\\/schema\\\/logo\\\/image\\\/\",\"url\":\"https:\\\/\\\/sparkpower.eu\\\/wp-content\\\/uploads\\\/2024\\\/01\\\/cropped-Naamloos-2_Tekengebied-1.png\",\"contentUrl\":\"https:\\\/\\\/sparkpower.eu\\\/wp-content\\\/uploads\\\/2024\\\/01\\\/cropped-Naamloos-2_Tekengebied-1.png\",\"width\":584,\"height\":194,\"caption\":\"Spark Power\"},\"image\":{\"@id\":\"https:\\\/\\\/sparkpower.eu\\\/#\\\/schema\\\/logo\\\/image\\\/\"},\"sameAs\":[\"https:\\\/\\\/www.linkedin.com\\\/company\\\/sparkpowereu\\\/\"]}]}<\/script>\n<!-- \/ Yoast SEO plugin. -->","yoast_head_json":{"title":"Home - Spark Power","robots":{"index":"index","follow":"follow","max-snippet":"max-snippet:-1","max-image-preview":"max-image-preview:large","max-video-preview":"max-video-preview:-1"},"canonical":"https:\/\/sparkpower.eu\/fr\/","og_locale":"fr_FR","og_type":"article","og_title":"Home - Spark Power","og_description":"Samen op weg naar een groenere toekomst Kom meer te weten Wat doet Spark Power Bij Spark Power werken we samen om te evolueren richting een groenere toekomst. Een toekomst waarin duurzame energie centraal staat. We richten ons op het opwekken van groene stroom via windenergie om klimaatverandering tegen te gaan. We produceren lokale stroom [&hellip;]","og_url":"https:\/\/sparkpower.eu\/fr\/","og_site_name":"Spark Power","article_modified_time":"2025-06-27T22:30:21+00:00","og_image":[{"width":2560,"height":1316,"url":"https:\/\/sparkpower.eu\/wp-content\/uploads\/2024\/01\/20230601_153826-kopie-scaled.jpg","type":"image\/jpeg"}],"twitter_card":"summary_large_image","twitter_misc":{"Dur\u00e9e de lecture est.":"1 minute"},"schema":{"@context":"https:\/\/schema.org","@graph":[{"@type":"WebPage","@id":"https:\/\/sparkpower.eu\/","url":"https:\/\/sparkpower.eu\/","name":"Home - Spark Power","isPartOf":{"@id":"https:\/\/sparkpower.eu\/#website"},"primaryImageOfPage":{"@id":"https:\/\/sparkpower.eu\/#primaryimage"},"image":{"@id":"https:\/\/sparkpower.eu\/#primaryimage"},"thumbnailUrl":"https:\/\/sparkpower.eu\/wp-content\/uploads\/2024\/01\/20230601_153826-kopie-scaled.jpg","datePublished":"2024-01-08T18:40:34+00:00","dateModified":"2025-06-27T22:30:21+00:00","breadcrumb":{"@id":"https:\/\/sparkpower.eu\/#breadcrumb"},"inLanguage":"fr-BE","potentialAction":[{"@type":"ReadAction","target":["https:\/\/sparkpower.eu\/"]}]},{"@type":"ImageObject","inLanguage":"fr-BE","@id":"https:\/\/sparkpower.eu\/#primaryimage","url":"https:\/\/sparkpower.eu\/wp-content\/uploads\/2024\/01\/20230601_153826-kopie-scaled.jpg","contentUrl":"https:\/\/sparkpower.eu\/wp-content\/uploads\/2024\/01\/20230601_153826-kopie-scaled.jpg"},{"@type":"BreadcrumbList","@id":"https:\/\/sparkpower.eu\/#breadcrumb","itemListElement":[{"@type":"ListItem","position":1,"name":"Home","item":"https:\/\/sparkpower.eu\/"},{"@type":"ListItem","position":2,"name":"Home"}]},{"@type":"WebSite","@id":"https:\/\/sparkpower.eu\/#website","url":"https:\/\/sparkpower.eu\/","name":"Spark Power","description":"","publisher":{"@id":"https:\/\/sparkpower.eu\/#organization"},"potentialAction":[{"@type":"SearchAction","target":{"@type":"EntryPoint","urlTemplate":"https:\/\/sparkpower.eu\/?s={search_term_string}"},"query-input":{"@type":"PropertyValueSpecification","valueRequired":true,"valueName":"search_term_string"}}],"inLanguage":"fr-BE"},{"@type":"Organization","@id":"https:\/\/sparkpower.eu\/#organization","name":"Spark Power","url":"https:\/\/sparkpower.eu\/","logo":{"@type":"ImageObject","inLanguage":"fr-BE","@id":"https:\/\/sparkpower.eu\/#\/schema\/logo\/image\/","url":"https:\/\/sparkpower.eu\/wp-content\/uploads\/2024\/01\/cropped-Naamloos-2_Tekengebied-1.png","contentUrl":"https:\/\/sparkpower.eu\/wp-content\/uploads\/2024\/01\/cropped-Naamloos-2_Tekengebied-1.png","width":584,"height":194,"caption":"Spark Power"},"image":{"@id":"https:\/\/sparkpower.eu\/#\/schema\/logo\/image\/"},"sameAs":["https:\/\/www.linkedin.com\/company\/sparkpowereu\/"]}]}},"_links":{"self":[{"href":"https:\/\/sparkpower.eu\/fr\/wp-json\/wp\/v2\/pages\/9","targetHints":{"allow":["GET"]}}],"collection":[{"href":"https:\/\/sparkpower.eu\/fr\/wp-json\/wp\/v2\/pages"}],"about":[{"href":"https:\/\/sparkpower.eu\/fr\/wp-json\/wp\/v2\/types\/page"}],"author":[{"embeddable":true,"href":"https:\/\/sparkpower.eu\/fr\/wp-json\/wp\/v2\/users\/1"}],"replies":[{"embeddable":true,"href":"https:\/\/sparkpower.eu\/fr\/wp-json\/wp\/v2\/comments?post=9"}],"version-history":[{"count":5,"href":"https:\/\/sparkpower.eu\/fr\/wp-json\/wp\/v2\/pages\/9\/revisions"}],"predecessor-version":[{"id":2222,"href":"https:\/\/sparkpower.eu\/fr\/wp-json\/wp\/v2\/pages\/9\/revisions\/2222"}],"wp:attachment":[{"href":"https:\/\/sparkpower.eu\/fr\/wp-json\/wp\/v2\/media?parent=9"}],"curies":[{"name":"wp","href":"https:\/\/api.w.org\/{rel}","templated":true}]}}